{"id":4965,"date":"2024-07-23T15:04:00","date_gmt":"2024-07-23T13:04:00","guid":{"rendered":"https:\/\/www.austrian-3rdays.com\/how-to-get-there\/"},"modified":"2025-07-17T13:49:09","modified_gmt":"2025-07-17T11:49:09","slug":"travel-2026","status":"publish","type":"page","link":"https:\/\/www.austrian-3rdays.com\/en\/travel-2026\/","title":{"rendered":"Travel 2026"},"content":{"rendered":"<p><div class=\"fusion-fullwidth fullwidth-box fusion-builder-row-1 fusion-flex-container nonhundred-percent-fullwidth non-hundred-percent-height-scrolling\" style=\"--awb-border-radius-top-left:0px;--awb-border-radius-top-right:0px;--awb-border-radius-bottom-right:0px;--awb-border-radius-bottom-left:0px;--awb-flex-wrap:wrap;\" ><div class=\"fusion-builder-row fusion-row fusion-flex-align-items-flex-start fusion-flex-content-wrap\" style=\"max-width:1248px;margin-left: calc(-4% \/ 2 );margin-right: calc(-4% \/ 2 );\"><div class=\"fusion-layout-column fusion_builder_column fusion-builder-column-0 fusion_builder_column_1_1 1_1 fusion-flex-column\" style=\"--awb-bg-size:cover;--awb-width-large:100%;--awb-margin-top-large:0px;--awb-spacing-right-large:1.92%;--awb-margin-bottom-large:20px;--awb-spacing-left-large:1.92%;--awb-width-medium:100%;--awb-order-medium:0;--awb-spacing-right-medium:1.92%;--awb-spacing-left-medium:1.92%;--awb-width-small:100%;--awb-order-small:0;--awb-spacing-right-small:1.92%;--awb-spacing-left-small:1.92%;\"><div class=\"fusion-column-wrapper fusion-column-has-shadow fusion-flex-justify-content-flex-start fusion-content-layout-column\"><div class=\"fusion-separator fusion-full-width-sep\" style=\"align-self: center;margin-left: auto;margin-right: auto;margin-top:20px;width:100%;\"><div class=\"fusion-separator-border sep-single sep-solid\" style=\"--awb-height:20px;--awb-amount:20px;--awb-sep-color:#ffffff;border-color:#ffffff;border-top-width:3px;\"><\/div><\/div>\n\t\t\t\t<p class=\"rs-p-wp-fix\"><\/p>\n\t\t\t\t<sr7-module data-alias=\"anreise-2026\" data-id=\"36\" id=\"SR7_36_1\" class=\"rs-ov-hidden\" data-version=\"6.7.53\">\n\t\t\t\t\t<sr7-adjuster><\/sr7-adjuster>\n\t\t\t\t\t<sr7-content>\n\t\t\t\t\t\t<sr7-slide id=\"SR7_36_1-18\" data-key=\"18\">\n\t\t\t\t\t\t\t<sr7-bg id=\"SR7_36_1-18-1\" class=\"sr7-layer\"><noscript><img decoding=\"async\" src=\"https:\/\/www.austrian-3rdays.com\/wp-content\/uploads\/2024\/07\/Slider_gross-1700x755_0012_100_130415_OeBB_Roman_Boensch.jpg\" alt=\"\" title=\"Slider_gro\u00df 1700x755_0012_100_130415_\u00d6BB_Roman_B\u00f6nsch\"><\/noscript><\/sr7-bg>\n\t\t\t\t\t\t\t<sr7-txt id=\"SR7_36_1-18-0\" class=\"sr7-layer\">Foto: \u00a9 \u00d6BB\/Roman B\u00f6nsch<\/sr7-txt>\n\t\t\t\t\t\t<\/sr7-slide>\n\t\t\t\t\t\t<sr7-slide id=\"SR7_36_1-47\" data-key=\"47\">\n\t\t\t\t\t\t\t<sr7-bg id=\"SR7_36_1-47-1\" class=\"sr7-layer\"><noscript><img decoding=\"async\" src=\"https:\/\/www.austrian-3rdays.com\/wp-content\/uploads\/2024\/07\/Slider_gross-1700x755_0007_OeBB_Andreas_Scheiblecker.jpg\" alt=\"\" title=\"Slider_gro\u00df 1700x755_0007_\u00d6BB_Andreas_Scheiblecker\"><\/noscript><\/sr7-bg>\n\t\t\t\t\t\t\t<sr7-txt id=\"SR7_36_1-47-0\" class=\"sr7-layer\">Foto: \u00a9 \u00d6BB\/Andreas Scheiblecker<\/sr7-txt>\n\t\t\t\t\t\t<\/sr7-slide>\n\t\t\t\t\t\t<sr7-slide id=\"SR7_36_1-33\" data-key=\"33\">\n\t\t\t\t\t\t<\/sr7-slide>\n\t\t\t\t\t<\/sr7-content>\n\t\t\t\t\t<image_lists style=\"display:none\">\n\t\t\t\t\t\t<img data-src=\"\/\/www.austrian-3rdays.com\/wp-content\/uploads\/2024\/07\/Slider_gross-1700x755_0012_100_130415_OeBB_Roman_Boensch.jpg\" data-libid=\"4958\" data-lib=\"medialibrary\" title=\"Slider_gro\u00df 1700x755_0012_100_130415_\u00d6BB_Roman_B\u00f6nsch\" width=\"0\" height=\"0\" data-dbsrc=\"Ly93d3cuYXVzdHJpYW4tM3JkYXlzLmNvbS93cC1jb250ZW50L3VwbG9hZHMvMjAyNC8wNy9TbGlkZXJfZ3Jvc3MtMTcwMHg3NTVfMDAxMl8xMDBfMTMwNDE1X09lQkJfUm9tYW5fQm9lbnNjaC5qcGc=\"\/>\n\t\t\t\t\t\t<img data-src=\"\/\/www.austrian-3rdays.com\/wp-content\/uploads\/2024\/07\/Slider_gross-1700x755_0007_OeBB_Andreas_Scheiblecker.jpg\" data-libid=\"4960\" data-lib=\"medialibrary\" title=\"Slider_gro\u00df 1700x755_0007_\u00d6BB_Andreas_Scheiblecker\" width=\"0\" height=\"0\" data-dbsrc=\"Ly93d3cuYXVzdHJpYW4tM3JkYXlzLmNvbS93cC1jb250ZW50L3VwbG9hZHMvMjAyNC8wNy9TbGlkZXJfZ3Jvc3MtMTcwMHg3NTVfMDAwN19PZUJCX0FuZHJlYXNfU2NoZWlibGVja2VyLmpwZw==\"\/>\n\t\t\t\t\t<\/image_lists>\n\t\t\t\t<\/sr7-module>\n\t\t\t\t<script>\n\t\t\t\t\twindow.SR7 ??={};SR7.PMH ??={}; SR7.PMH[\"SR7_36_1\"] = {cn:100,state:false,fn: function() { if (window._tpt!==undefined && window._tpt.prepareModuleHeight !== undefined) {  _tpt.prepareModuleHeight({id:\"SR7_36_1\",el:[500,500,768,960,720],type:'standard',shdw:'0',gh:[500,500,413,314,194],gw:[1240,1240,1024,778,480],vpt:['100px'],size:{fullWidth:true, fullHeight:false},mh:'0',onh:0,onw:0,bg:{color:'{\"orig\":\"transparent\",\"type\":\"solid\",\"string\":\"transparent\"}'}});   SR7.PMH[\"SR7_36_1\"].state=true;} else if(SR7.PMH[\"SR7_36_1\"].cn-->0)\tsetTimeout( SR7.PMH[\"SR7_36_1\"].fn,19);}};SR7.PMH[\"SR7_36_1\" ].fn();\n\t\t\t\t<\/script>\n<\/div><\/div><\/div><\/div><div class=\"fusion-fullwidth fullwidth-box fusion-builder-row-2 fusion-flex-container has-pattern-background has-mask-background nonhundred-percent-fullwidth non-hundred-percent-height-scrolling\" style=\"--awb-border-radius-top-left:0px;--awb-border-radius-top-right:0px;--awb-border-radius-bottom-right:0px;--awb-border-radius-bottom-left:0px;--awb-flex-wrap:wrap;\" ><div class=\"fusion-builder-row fusion-row fusion-flex-align-items-flex-start fusion-flex-content-wrap\" style=\"max-width:1248px;margin-left: calc(-4% \/ 2 );margin-right: calc(-4% \/ 2 );\"><div class=\"fusion-layout-column fusion_builder_column fusion-builder-column-1 fusion-flex-column fusion-flex-align-self-center\" style=\"--awb-bg-size:cover;--awb-width-large:41%;--awb-margin-top-large:0px;--awb-spacing-right-large:60px;--awb-margin-bottom-large:20px;--awb-spacing-left-large:4.6829268292683%;--awb-width-medium:41%;--awb-order-medium:0;--awb-spacing-right-medium:60px;--awb-spacing-left-medium:4.6829268292683%;--awb-width-small:100%;--awb-order-small:0;--awb-spacing-right-small:1.92%;--awb-spacing-left-small:1.92%;\" data-scroll-devices=\"small-visibility,medium-visibility,large-visibility\"><div class=\"fusion-column-wrapper fusion-column-has-shadow fusion-flex-justify-content-center fusion-content-layout-column\"><div class=\"fusion-separator fusion-full-width-sep\" style=\"align-self: center;margin-left: auto;margin-right: auto;width:100%;\"><div class=\"fusion-separator-border sep-single sep-solid\" style=\"--awb-height:20px;--awb-amount:20px;--awb-sep-color:#53565a;border-color:#53565a;border-top-width:2px;\"><\/div><\/div><\/div><\/div><div class=\"fusion-layout-column fusion_builder_column fusion-builder-column-2 fusion-flex-column fusion-flex-align-self-center\" style=\"--awb-bg-size:cover;--awb-width-large:18%;--awb-margin-top-large:0px;--awb-spacing-right-large:0px;--awb-margin-bottom-large:20px;--awb-spacing-left-large:0px;--awb-width-medium:18%;--awb-order-medium:0;--awb-spacing-right-medium:0px;--awb-spacing-left-medium:0px;--awb-width-small:100%;--awb-order-small:0;--awb-spacing-right-small:1.92%;--awb-spacing-left-small:1.92%;\" data-scroll-devices=\"small-visibility,medium-visibility,large-visibility\"><div class=\"fusion-column-wrapper fusion-column-has-shadow fusion-flex-justify-content-center fusion-content-layout-column\"><div class=\"fusion-text fusion-text-1 fusion-text-no-margin\" style=\"--awb-content-alignment:center;--awb-margin-bottom:50px;\"><h2 style=\"text-align: center;\">Travel<\/h2>\n<\/div><\/div><\/div><div class=\"fusion-layout-column fusion_builder_column fusion-builder-column-3 fusion-flex-column fusion-flex-align-self-center\" style=\"--awb-bg-size:cover;--awb-width-large:41%;--awb-margin-top-large:0px;--awb-spacing-right-large:4.6829268292683%;--awb-margin-bottom-large:20px;--awb-spacing-left-large:60px;--awb-width-medium:41%;--awb-order-medium:0;--awb-spacing-right-medium:4.6829268292683%;--awb-spacing-left-medium:60px;--awb-width-small:100%;--awb-order-small:0;--awb-spacing-right-small:1.92%;--awb-spacing-left-small:1.92%;\" data-scroll-devices=\"small-visibility,medium-visibility,large-visibility\"><div class=\"fusion-column-wrapper fusion-column-has-shadow fusion-flex-justify-content-center fusion-content-layout-column\"><div class=\"fusion-separator fusion-full-width-sep\" style=\"align-self: center;margin-left: auto;margin-right: auto;width:100%;\"><div class=\"fusion-separator-border sep-single sep-solid\" style=\"--awb-height:20px;--awb-amount:20px;--awb-sep-color:#53565a;border-color:#53565a;border-top-width:2px;\"><\/div><\/div><\/div><\/div><\/div><\/div><div class=\"fusion-fullwidth fullwidth-box fusion-builder-row-3 fusion-flex-container has-pattern-background has-mask-background nonhundred-percent-fullwidth non-hundred-percent-height-scrolling\" style=\"--awb-border-radius-top-left:0px;--awb-border-radius-top-right:0px;--awb-border-radius-bottom-right:0px;--awb-border-radius-bottom-left:0px;--awb-flex-wrap:wrap;\" ><div class=\"fusion-builder-row fusion-row fusion-flex-align-items-flex-start fusion-flex-content-wrap\" style=\"max-width:1248px;margin-left: calc(-4% \/ 2 );margin-right: calc(-4% \/ 2 );\"><div class=\"fusion-layout-column fusion_builder_column fusion-builder-column-4 fusion_builder_column_1_1 1_1 fusion-flex-column\" style=\"--awb-bg-size:cover;--awb-width-large:100%;--awb-margin-top-large:0px;--awb-spacing-right-large:1.92%;--awb-margin-bottom-large:20px;--awb-spacing-left-large:1.92%;--awb-width-medium:100%;--awb-order-medium:0;--awb-spacing-right-medium:1.92%;--awb-spacing-left-medium:1.92%;--awb-width-small:100%;--awb-order-small:0;--awb-spacing-right-small:1.92%;--awb-spacing-left-small:1.92%;\"><div class=\"fusion-column-wrapper fusion-column-has-shadow fusion-flex-justify-content-flex-start fusion-content-layout-column\"><div class=\"fusion-content-boxes content-boxes columns row fusion-columns-1 fusion-columns-total-6 fusion-content-boxes-1 content-boxes-icon-on-side content-left\" style=\"--awb-body-color:#53565a;--awb-title-color:#53565a;--awb-hover-accent-color:#bbbcbc;--awb-circle-hover-accent-color:#bbbcbc;--awb-item-margin-bottom:40px;\" data-animationOffset=\"top-into-view\"><div style=\"--awb-backgroundcolor:rgba(255,255,255,0);\" class=\"fusion-column content-box-column content-box-column content-box-column-1 col-lg-12 col-md-12 col-sm-12 fusion-content-box-hover content-box-column-last-in-row\"><div class=\"col content-box-wrapper content-wrapper link-area-link-icon content-icon-wrapper-yes icon-hover-animation-fade\" data-animationOffset=\"top-into-view\"><div class=\"fusion-clearfix\"><\/div><div class=\"content-container\">\n<div class=\"fusion-text fusion-text-2\">Dear 3R-Community, we appreciate your interest and planning for a personal visit to the Austrian 3Rdays 2026 in Vienna. The congress city of Vienna is easily accessible by public transport. We have summarised the most important information on this below:<\/div>\n<\/div><\/div><\/div><div style=\"--awb-backgroundcolor:rgba(255,255,255,0);--awb-content-padding-left:120px;\" class=\"fusion-column content-box-column content-box-column content-box-column-2 col-lg-12 col-md-12 col-sm-12 fusion-content-box-hover content-box-column-last-in-row\"><div class=\"col content-box-wrapper content-wrapper link-area-link-icon content-icon-wrapper-yes icon-hover-animation-fade\" data-animationOffset=\"top-into-view\"><div class=\"heading heading-with-icon icon-left\"><div aria-hidden=\"true\" class=\"image\"><img decoding=\"async\" src=\"https:\/\/www.austrian-3rdays.com\/wp-content\/uploads\/2024\/07\/Bahn-100x115-1.jpg\" width=\"100\" height=\"115\" alt=\"\" \/><\/div><h2 class=\"content-box-heading\" style=\"--h2_typography-font-size:24px;line-height:29px;padding-left:120px;\">Travel by train (\u00d6BB, WESTbahn)<\/h2><\/div><div class=\"fusion-clearfix\"><\/div><div class=\"content-container\">\n<p>Participants travel to Vienna comfortably and environmentally friendly by train. Numerous international and national train connections enable easy and quick travel from all over Europe. The timetables can be found at <a href=\"https:\/\/www.oebb.at\/en\/\" target=\"_blank\" rel=\"noopener\"><u>www.oebb.at<\/u><\/a> and <a href=\"https:\/\/westbahn.at\/en\/\" target=\"_blank\" rel=\"noopener\"><u>www.westbahn.at<\/u><\/a>.<\/p>\n<\/div><\/div><\/div><div style=\"--awb-backgroundcolor:rgba(255,255,255,0);--awb-content-padding-left:120px;\" class=\"fusion-column content-box-column content-box-column content-box-column-3 col-lg-12 col-md-12 col-sm-12 fusion-content-box-hover content-box-column-last-in-row\"><div class=\"col content-box-wrapper content-wrapper link-area-link-icon content-icon-wrapper-yes icon-hover-animation-fade\" data-animationOffset=\"top-into-view\"><div class=\"heading heading-with-icon icon-left\"><div aria-hidden=\"true\" class=\"image\"><img decoding=\"async\" src=\"https:\/\/www.austrian-3rdays.com\/wp-content\/uploads\/2023\/04\/auto01.jpg\" width=\"100\" height=\"100\" alt=\"\" \/><\/div><h2 class=\"content-box-heading\" style=\"--h2_typography-font-size:24px;line-height:29px;padding-left:120px;\">Travel by car<\/h2><\/div><div class=\"fusion-clearfix\"><\/div><div class=\"content-container\">\n<p>Tolls are compulsory on Austria&#8217;s very well-developed highway network, so you also need a <a href=\"https:\/\/www.asfinag.at\/en\/\" target=\"_blank\" rel=\"noopener\"><u>vignette<\/u><\/a> for Vienna&#8217;s city highways. Once in Vienna, the Wiener Linien is a convenient means of transportation.<\/p>\n<\/div><\/div><\/div><div style=\"--awb-backgroundcolor:rgba(255,255,255,0);--awb-content-padding-left:120px;\" class=\"fusion-column content-box-column content-box-column content-box-column-4 col-lg-12 col-md-12 col-sm-12 fusion-content-box-hover content-box-column-last-in-row\"><div class=\"col content-box-wrapper content-wrapper link-area-link-icon content-icon-wrapper-yes icon-hover-animation-fade\" data-animationOffset=\"top-into-view\"><div class=\"heading heading-with-icon icon-left\"><div aria-hidden=\"true\" class=\"image\"><img decoding=\"async\" src=\"https:\/\/www.austrian-3rdays.com\/wp-content\/uploads\/2024\/07\/flugzeug.jpg\" width=\"100\" height=\"100\" alt=\"\" \/><\/div><h2 class=\"content-box-heading\" style=\"--h2_typography-font-size:24px;line-height:29px;padding-left:120px;\">Arrival by plane<\/h2><\/div><div class=\"fusion-clearfix\"><\/div><div class=\"content-container\">\n<p>Its central location in Europe makes Vienna an important hub for international air traffic and offers optimal transport connections from all over the world. Most European capitals are only two to three hours away by plane. <a href=\"https:\/\/www.austrian.com\/at\/en\/homepage?\" target=\"_blank\" rel=\"noopener\"><u>Austrian Airlines<\/u><\/a>, Vienna&#8217;s &#8220;Official Carrier\u201d, guarantees ideal connections. <a class=\"extern\" href=\"https:\/\/www.viennaairport.com\/en\/passengers\" target=\"_blank\" rel=\"noopener\"><u>Vienna Airport<\/u><\/a> is perfectly connected to the transport network: by <a href=\"https:\/\/www.cityairporttrain.com\/en\/\" target=\"_blank\" rel=\"noopener\"><u>CAT<\/u><\/a> (City Airport Train, 16 minutes non-stop) or by public transport (<a href=\"https:\/\/www.oebb.at\/en\/\" target=\"_blank\" rel=\"noopener\"><u>train<\/u><\/a>, <a href=\"https:\/\/www.schnellbahn-wien.at\/web\/flughafen_wien-schwechat.html\" target=\"_blank\" rel=\"noopener\"><u>S-train<\/u><\/a>, <a href=\"https:\/\/www.viennaairportlines.at\/en\/\" target=\"_blank\" rel=\"noopener\"><u>bus<\/u><\/a>) it is easy to get to the center of Vienna.<\/p>\n<\/div><\/div><\/div><div style=\"--awb-backgroundcolor:rgba(255,255,255,0);--awb-content-padding-left:120px;\" class=\"fusion-column content-box-column content-box-column content-box-column-5 col-lg-12 col-md-12 col-sm-12 fusion-content-box-hover content-box-column-last-in-row\"><div class=\"col content-box-wrapper content-wrapper link-area-link-icon content-icon-wrapper-yes icon-hover-animation-fade\" data-animationOffset=\"top-into-view\"><div class=\"heading heading-with-icon icon-left\"><div aria-hidden=\"true\" class=\"image\"><img decoding=\"async\" src=\"https:\/\/www.austrian-3rdays.com\/wp-content\/uploads\/2024\/07\/Wiener-Linien-100x110-1.jpg\" width=\"100\" height=\"110\" alt=\"\" \/><\/div><h2 class=\"content-box-heading\" style=\"--h2_typography-font-size:24px;line-height:29px;padding-left:120px;\">On site with Wiener Linien<\/h2><\/div><div class=\"fusion-clearfix\"><\/div><div class=\"content-container\">\n<p>The Wiener Linien network provides excellent public transportation. Wiener Linien takes visitors to their destination reliably and at short intervals by subway, streetcar and bus. You can find the timetables at <a href=\"https:\/\/www.wienerlinien.at\/web\/wl-en\" target=\"_blank\" rel=\"noopener\"><u>www.wienerlinien.at<\/u><\/a> You can also take a leisurely walk or ride through the urban jungle on a WienMobil rental bike. You can find rental bikes at <a href=\"https:\/\/www.wienerlinien.at\/web\/wl-en\/wienmobil-enjoy-mobile-freedom\" target=\"_blank\" rel=\"noopener\"><u>www.wienerlinien.at\/wienmobil\/rad<\/u><\/a><\/p>\n<\/div><\/div><\/div><div style=\"--awb-backgroundcolor:rgba(255,255,255,0);--awb-content-padding-left:120px;\" class=\"fusion-column content-box-column content-box-column content-box-column-6 col-lg-12 col-md-12 col-sm-12 fusion-content-box-hover content-box-column-last content-box-column-last-in-row\"><div class=\"col content-box-wrapper content-wrapper link-area-link-icon content-icon-wrapper-yes icon-hover-animation-fade\" data-animationOffset=\"top-into-view\"><div class=\"heading heading-with-icon icon-left\"><div aria-hidden=\"true\" class=\"image\"><img decoding=\"async\" src=\"https:\/\/www.austrian-3rdays.com\/wp-content\/uploads\/2023\/04\/hotel.jpg\" width=\"100\" height=\"100\" alt=\"\" \/><\/div><h2 class=\"content-box-heading\" style=\"--h2_typography-font-size:24px;line-height:29px;padding-left:120px;\">Accommodation on site<\/h2><\/div><div class=\"fusion-clearfix\"><\/div><div class=\"content-container\">\n<p>In general, there are around 400 hotels, guesthouses and apartments available to you in the congress city of Vienna: from luxurious to casual, from magnificent inner-city palaces to ultra-modern wooden high-rises and from Austrian family businesses to international hotel chains: please book your accommodation in Vienna either directly at the hotel or via <a href=\"https:\/\/www.wien.info\/en\" target=\"_blank\" rel=\"noopener\"><u>www.wien.info<\/u><\/a> or via the relevant platforms on the Internet.<\/p>\n<\/div><\/div><\/div><div class=\"fusion-clearfix\"><\/div><\/div><\/div><\/div><\/div><\/div><\/p>\n","protected":false},"excerpt":{"rendered":"","protected":false},"author":4,"featured_media":0,"parent":0,"menu_order":0,"comment_status":"closed","ping_status":"closed","template":"","meta":{"footnotes":""},"class_list":["post-4965","page","type-page","status-publish","hentry"],"yoast_head":"<!-- This site is optimized with the Yoast SEO plugin v27.4 - https:\/\/yoast.com\/product\/yoast-seo-wordpress\/ -->\n<title>Travel 2026 - Austrian 3R-Days<\/title>\n<meta name=\"description\" content=\"Your climate-friendly travel: by train from all directions (www.oebb.at, www.westbahn.at.), accommodations and hotels on site\" \/>\n<meta name=\"robots\" content=\"index, follow, max-snippet:-1, max-image-preview:large, max-video-preview:-1\" \/>\n<link rel=\"canonical\" href=\"https:\/\/www.austrian-3rdays.com\/en\/travel-2026\/\" \/>\n<meta property=\"og:locale\" content=\"en_US\" \/>\n<meta property=\"og:type\" content=\"article\" \/>\n<meta property=\"og:title\" content=\"Travel 2026 - Austrian 3R-Days\" \/>\n<meta property=\"og:description\" content=\"Your climate-friendly travel: by train from all directions (www.oebb.at, www.westbahn.at.), accommodations and hotels on site\" \/>\n<meta property=\"og:url\" content=\"https:\/\/www.austrian-3rdays.com\/en\/travel-2026\/\" \/>\n<meta property=\"og:site_name\" content=\"Austrian 3R-Days\" \/>\n<meta property=\"article:modified_time\" content=\"2025-07-17T11:49:09+00:00\" \/>\n<meta name=\"twitter:card\" content=\"summary_large_image\" \/>\n<meta name=\"twitter:label1\" content=\"Est. reading time\" \/>\n\t<meta name=\"twitter:data1\" content=\"4 minutes\" \/>\n<script type=\"application\/ld+json\" class=\"yoast-schema-graph\">{\"@context\":\"https:\\\/\\\/schema.org\",\"@graph\":[{\"@type\":\"WebPage\",\"@id\":\"https:\\\/\\\/www.austrian-3rdays.com\\\/en\\\/travel-2026\\\/\",\"url\":\"https:\\\/\\\/www.austrian-3rdays.com\\\/en\\\/travel-2026\\\/\",\"name\":\"Travel 2026 - Austrian 3R-Days\",\"isPartOf\":{\"@id\":\"https:\\\/\\\/www.austrian-3rdays.com\\\/en\\\/#website\"},\"datePublished\":\"2024-07-23T13:04:00+00:00\",\"dateModified\":\"2025-07-17T11:49:09+00:00\",\"description\":\"Your climate-friendly travel: by train from all directions (www.oebb.at, www.westbahn.at.), accommodations and hotels on site\",\"breadcrumb\":{\"@id\":\"https:\\\/\\\/www.austrian-3rdays.com\\\/en\\\/travel-2026\\\/#breadcrumb\"},\"inLanguage\":\"en-US\",\"potentialAction\":[{\"@type\":\"ReadAction\",\"target\":[\"https:\\\/\\\/www.austrian-3rdays.com\\\/en\\\/travel-2026\\\/\"]}]},{\"@type\":\"BreadcrumbList\",\"@id\":\"https:\\\/\\\/www.austrian-3rdays.com\\\/en\\\/travel-2026\\\/#breadcrumb\",\"itemListElement\":[{\"@type\":\"ListItem\",\"position\":1,\"name\":\"Startseite\",\"item\":\"https:\\\/\\\/www.austrian-3rdays.com\\\/en\\\/highlights-2026\\\/\"},{\"@type\":\"ListItem\",\"position\":2,\"name\":\"Travel 2026\"}]},{\"@type\":\"WebSite\",\"@id\":\"https:\\\/\\\/www.austrian-3rdays.com\\\/en\\\/#website\",\"url\":\"https:\\\/\\\/www.austrian-3rdays.com\\\/en\\\/\",\"name\":\"Austrian 3R-Days\",\"description\":\"\",\"publisher\":{\"@id\":\"https:\\\/\\\/www.austrian-3rdays.com\\\/en\\\/#organization\"},\"potentialAction\":[{\"@type\":\"SearchAction\",\"target\":{\"@type\":\"EntryPoint\",\"urlTemplate\":\"https:\\\/\\\/www.austrian-3rdays.com\\\/en\\\/?s={search_term_string}\"},\"query-input\":{\"@type\":\"PropertyValueSpecification\",\"valueRequired\":true,\"valueName\":\"search_term_string\"}}],\"inLanguage\":\"en-US\"},{\"@type\":\"Organization\",\"@id\":\"https:\\\/\\\/www.austrian-3rdays.com\\\/en\\\/#organization\",\"name\":\"Austrian 3R-Days\",\"url\":\"https:\\\/\\\/www.austrian-3rdays.com\\\/en\\\/\",\"logo\":{\"@type\":\"ImageObject\",\"inLanguage\":\"en-US\",\"@id\":\"https:\\\/\\\/www.austrian-3rdays.com\\\/en\\\/#\\\/schema\\\/logo\\\/image\\\/\",\"url\":\"https:\\\/\\\/www.austrian-3rdays.com\\\/wp-content\\\/uploads\\\/2023\\\/05\\\/Login_A3RC.png\",\"contentUrl\":\"https:\\\/\\\/www.austrian-3rdays.com\\\/wp-content\\\/uploads\\\/2023\\\/05\\\/Login_A3RC.png\",\"width\":127,\"height\":127,\"caption\":\"Austrian 3R-Days\"},\"image\":{\"@id\":\"https:\\\/\\\/www.austrian-3rdays.com\\\/en\\\/#\\\/schema\\\/logo\\\/image\\\/\"}}]}<\/script>\n<!-- \/ Yoast SEO plugin. -->","yoast_head_json":{"title":"Travel 2026 - Austrian 3R-Days","description":"Your climate-friendly travel: by train from all directions (www.oebb.at, www.westbahn.at.), accommodations and hotels on site","robots":{"index":"index","follow":"follow","max-snippet":"max-snippet:-1","max-image-preview":"max-image-preview:large","max-video-preview":"max-video-preview:-1"},"canonical":"https:\/\/www.austrian-3rdays.com\/en\/travel-2026\/","og_locale":"en_US","og_type":"article","og_title":"Travel 2026 - Austrian 3R-Days","og_description":"Your climate-friendly travel: by train from all directions (www.oebb.at, www.westbahn.at.), accommodations and hotels on site","og_url":"https:\/\/www.austrian-3rdays.com\/en\/travel-2026\/","og_site_name":"Austrian 3R-Days","article_modified_time":"2025-07-17T11:49:09+00:00","twitter_card":"summary_large_image","twitter_misc":{"Est. reading time":"4 minutes"},"schema":{"@context":"https:\/\/schema.org","@graph":[{"@type":"WebPage","@id":"https:\/\/www.austrian-3rdays.com\/en\/travel-2026\/","url":"https:\/\/www.austrian-3rdays.com\/en\/travel-2026\/","name":"Travel 2026 - Austrian 3R-Days","isPartOf":{"@id":"https:\/\/www.austrian-3rdays.com\/en\/#website"},"datePublished":"2024-07-23T13:04:00+00:00","dateModified":"2025-07-17T11:49:09+00:00","description":"Your climate-friendly travel: by train from all directions (www.oebb.at, www.westbahn.at.), accommodations and hotels on site","breadcrumb":{"@id":"https:\/\/www.austrian-3rdays.com\/en\/travel-2026\/#breadcrumb"},"inLanguage":"en-US","potentialAction":[{"@type":"ReadAction","target":["https:\/\/www.austrian-3rdays.com\/en\/travel-2026\/"]}]},{"@type":"BreadcrumbList","@id":"https:\/\/www.austrian-3rdays.com\/en\/travel-2026\/#breadcrumb","itemListElement":[{"@type":"ListItem","position":1,"name":"Startseite","item":"https:\/\/www.austrian-3rdays.com\/en\/highlights-2026\/"},{"@type":"ListItem","position":2,"name":"Travel 2026"}]},{"@type":"WebSite","@id":"https:\/\/www.austrian-3rdays.com\/en\/#website","url":"https:\/\/www.austrian-3rdays.com\/en\/","name":"Austrian 3R-Days","description":"","publisher":{"@id":"https:\/\/www.austrian-3rdays.com\/en\/#organization"},"potentialAction":[{"@type":"SearchAction","target":{"@type":"EntryPoint","urlTemplate":"https:\/\/www.austrian-3rdays.com\/en\/?s={search_term_string}"},"query-input":{"@type":"PropertyValueSpecification","valueRequired":true,"valueName":"search_term_string"}}],"inLanguage":"en-US"},{"@type":"Organization","@id":"https:\/\/www.austrian-3rdays.com\/en\/#organization","name":"Austrian 3R-Days","url":"https:\/\/www.austrian-3rdays.com\/en\/","logo":{"@type":"ImageObject","inLanguage":"en-US","@id":"https:\/\/www.austrian-3rdays.com\/en\/#\/schema\/logo\/image\/","url":"https:\/\/www.austrian-3rdays.com\/wp-content\/uploads\/2023\/05\/Login_A3RC.png","contentUrl":"https:\/\/www.austrian-3rdays.com\/wp-content\/uploads\/2023\/05\/Login_A3RC.png","width":127,"height":127,"caption":"Austrian 3R-Days"},"image":{"@id":"https:\/\/www.austrian-3rdays.com\/en\/#\/schema\/logo\/image\/"}}]}},"_links":{"self":[{"href":"https:\/\/www.austrian-3rdays.com\/en\/wp-json\/wp\/v2\/pages\/4965","targetHints":{"allow":["GET"]}}],"collection":[{"href":"https:\/\/www.austrian-3rdays.com\/en\/wp-json\/wp\/v2\/pages"}],"about":[{"href":"https:\/\/www.austrian-3rdays.com\/en\/wp-json\/wp\/v2\/types\/page"}],"author":[{"embeddable":true,"href":"https:\/\/www.austrian-3rdays.com\/en\/wp-json\/wp\/v2\/users\/4"}],"replies":[{"embeddable":true,"href":"https:\/\/www.austrian-3rdays.com\/en\/wp-json\/wp\/v2\/comments?post=4965"}],"version-history":[{"count":15,"href":"https:\/\/www.austrian-3rdays.com\/en\/wp-json\/wp\/v2\/pages\/4965\/revisions"}],"predecessor-version":[{"id":5307,"href":"https:\/\/www.austrian-3rdays.com\/en\/wp-json\/wp\/v2\/pages\/4965\/revisions\/5307"}],"wp:attachment":[{"href":"https:\/\/www.austrian-3rdays.com\/en\/wp-json\/wp\/v2\/media?parent=4965"}],"curies":[{"name":"wp","href":"https:\/\/api.w.org\/{rel}","templated":true}]}}